{"id":1557,"date":"2022-12-12T13:32:12","date_gmt":"2022-12-12T17:32:12","guid":{"rendered":"https:\/\/grfconsultants.com\/home\/"},"modified":"2025-06-27T09:52:12","modified_gmt":"2025-06-27T13:52:12","slug":"home","status":"publish","type":"page","link":"https:\/\/grfconsultants.com\/en\/","title":{"rendered":"Home"},"content":{"rendered":"<div class=\"wpb-content-wrapper\"><p>[vc_row full_width=&#8221;stretch_row&#8221; css=&#8221;.vc_custom_1464868922611{margin-top: 0px !important;margin-bottom: 0px !important;padding-top: 80px !important;padding-bottom: 0px !important;}&#8221;][vc_column][vc_column_text css_animation=&#8221;bottom-to-top&#8221;]<\/p>\n<h1 style=\"text-align: center;\"><\/h1>\n<h1 style=\"text-align: center;\"><strong>Haz lo correcto en el momento indicado<\/strong><strong>.\u00a0<\/strong><\/h1>\n<p>[\/vc_column_text][\/vc_column][\/vc_row][vc_row css=&#8221;.vc_custom_1464448095121{padding-bottom: 50px !important;}&#8221;][vc_column width=&#8221;1\/3&#8243; css=&#8221;.vc_custom_1464448048483{padding-right: 7% !important;padding-left: 7% !important;}&#8221;]<div class=\"aio-icon-component    style_3\"><div id=\"Info-box-wrap-6587\" class=\"aio-icon-box top-icon\" style=\"\"  ><div class=\"aio-icon-top\"><div class=\"ult-just-icon-wrapper  \"><div class=\"align-icon\" style=\"text-align:center;\">\n<div class=\"aio-icon-img \" style=\"font-size:200px;display:inline-block;\" data-animation=\"fadeInUp\" data-animation-delay=\"03\">\n\t<img decoding=\"async\" class=\"img-icon\" alt=\"null\" src=\"https:\/\/grfconsultants.com\/wp-content\/uploads\/2022\/12\/services_02.png\"\/>\n<\/div><\/div><\/div><\/div><div class=\"aio-icon-header\" ><h3 class=\"aio-icon-title ult-responsive\"  data-ultimate-target='#Info-box-wrap-6587 .aio-icon-title'  data-responsive-json-new='{\"font-size\":\"desktop:20px;\",\"line-height\":\"\"}'  style=\"font-weight:bold;\">SOLUCIONES EMPRESARIALES<\/h3><\/div> <!-- header --><div class=\"aio-icon-description ult-responsive\"  data-ultimate-target='#Info-box-wrap-6587 .aio-icon-description'  data-responsive-json-new='{\"font-size\":\"\",\"line-height\":\"\"}'  style=\"color:#777777;\">We offer business solutions ranging from strategic planning, certification of international suppliers and buyers, internationalization of companies, international corporate structuring, assistance in negotiation processes, to international debt recovery, among others.<\/div> <!-- description --><\/div> <!-- aio-icon-box --><\/div> <!-- aio-icon-component -->[\/vc_column][vc_column width=&#8221;1\/3&#8243; css=&#8221;.vc_custom_1464448148728{padding-right: 7% !important;padding-left: 7% !important;}&#8221;]<div class=\"aio-icon-component    style_3\"><div id=\"Info-box-wrap-4692\" class=\"aio-icon-box top-icon\" style=\"\"  ><div class=\"aio-icon-top\"><div class=\"ult-just-icon-wrapper  \"><div class=\"align-icon\" style=\"text-align:center;\">\n<div class=\"aio-icon-img \" style=\"font-size:200px;display:inline-block;\" data-animation=\"fadeInUp\" data-animation-delay=\"03\">\n\t<img decoding=\"async\" class=\"img-icon\" alt=\"null\" src=\"https:\/\/grfconsultants.com\/wp-content\/uploads\/2022\/12\/services_03.png\"\/>\n<\/div><\/div><\/div><\/div><div class=\"aio-icon-header\" ><h3 class=\"aio-icon-title ult-responsive\"  data-ultimate-target='#Info-box-wrap-4692 .aio-icon-title'  data-responsive-json-new='{\"font-size\":\"desktop:20px;\",\"line-height\":\"\"}'  style=\"font-weight:bold;\">SOLUCIONES FINANCIERAS<\/h3><\/div> <!-- header --><div class=\"aio-icon-description ult-responsive\"  data-ultimate-target='#Info-box-wrap-4692 .aio-icon-description'  data-responsive-json-new='{\"font-size\":\"\",\"line-height\":\"\"}'  style=\"color:#777777;\">Con el apoyo de nuestros aliados estrat\u00e9gicos internacionales, brindamos soluciones en planificaci\u00f3n, protecci\u00f3n y administraci\u00f3n financiera, valoraci\u00f3n de empresas, activos y proyectos de inversi\u00f3n, gestionamos el\u00a0 financiamiento de proyectos, ya sea a trav\u00e9s de la conformaci\u00f3n de clubs de inversi\u00f3n, o de la tokenizaci\u00f3n de proyectos.<\/div> <!-- description --><\/div> <!-- aio-icon-box --><\/div> <!-- aio-icon-component -->[\/vc_column][vc_column width=&#8221;1\/3&#8243; css=&#8221;.vc_custom_1464448157233{padding-right: 7% !important;padding-left: 7% !important;}&#8221;]<div class=\"aio-icon-component    style_3\"><div id=\"Info-box-wrap-2325\" class=\"aio-icon-box top-icon\" style=\"\"  ><div class=\"aio-icon-top\"><div class=\"ult-just-icon-wrapper  \"><div class=\"align-icon\" style=\"text-align:center;\">\n<div class=\"aio-icon-img \" style=\"font-size:200px;display:inline-block;\" data-animation=\"fadeInUp\" data-animation-delay=\"03\">\n\t<img decoding=\"async\" class=\"img-icon\" alt=\"null\" src=\"https:\/\/grfconsultants.com\/wp-content\/uploads\/2022\/12\/services_01-1.png\"\/>\n<\/div><\/div><\/div><\/div><div class=\"aio-icon-header\" ><h3 class=\"aio-icon-title ult-responsive\"  data-ultimate-target='#Info-box-wrap-2325 .aio-icon-title'  data-responsive-json-new='{\"font-size\":\"desktop:20px;\",\"line-height\":\"\"}'  style=\"font-weight:bold;\">BUSINESS OPPORTUNITIES<\/h3><\/div> <!-- header --><div class=\"aio-icon-description ult-responsive\"  data-ultimate-target='#Info-box-wrap-2325 .aio-icon-description'  data-responsive-json-new='{\"font-size\":\"\",\"line-height\":\"\"}'  style=\"color:#777777;\">We seek and develop business and investment opportunities, analyzed and valued by our experts before being presented to our member clients, related to the construction, raw materials, energy, oil, as well as the supply of industrial inputs and equipment.<\/div> <!-- description --><\/div> <!-- aio-icon-box --><\/div> <!-- aio-icon-component -->[\/vc_column][\/vc_row][vc_row full_width=&#8221;stretch_row_content_no_spaces&#8221; equal_height=&#8221;yes&#8221; content_placement=&#8221;middle&#8221;][vc_column width=&#8221;1\/2&#8243; css=&#8221;.vc_custom_1742436856595{background-image: url(https:\/\/grfconsultants.com\/wp-content\/uploads\/2024\/04\/team-Footer-1.jpg?id=901) !important;}&#8221;][vc_empty_space height=&#8221;300px&#8221;][\/vc_column][vc_column width=&#8221;1\/2&#8243; css=&#8221;.vc_custom_1528120356129{padding-top: 70px !important;padding-right: 7% !important;padding-bottom: 60px !important;padding-left: 7% !important;background-color: #f2f2f2 !important;}&#8221;][vc_column_text]<\/p>\n<h1>NUESTRO EQUIPO<\/h1>\n<p>[\/vc_column_text][vc_column_text css_animation=&#8221;right-to-left&#8221;]Somos un equipo de expertos internacionales en diversas \u00e1reas, comprometidos con soluciones eficientes y creativas para el \u00e9xito de nuestros clientes.<\/p>\n<p>Construimos relaciones s\u00f3lidas basadas en la confianza, el compromiso y la excelencia. Buscamos constantemente la mejor calidad de nuestros servicios, soportados en nuevas \u00a0tecnolog\u00edas \u00a0y las mejores pr\u00e1cticas \u00a0a trav\u00e9s del trabajo en equipo.<\/p>\n<p style=\"text-align: left;\">Nos convertimos en el socio de confianza de nuestros clientes, acompa\u00f1\u00e1ndolos en su camino hacia el logro de sus objetivos financieros, familiares y empresariales. Atendemos sus asuntos, como si fueran los nuestros<\/p>\n<h6 style=\"text-align: center;\"><strong><em>Un equipo de confianza, comprometido con tu \u00e9xito.<\/em><\/strong><\/h6>\n<p>[\/vc_column_text][\/vc_column][\/vc_row][vc_row full_width=&#8221;stretch_row_content_no_spaces&#8221; equal_height=&#8221;yes&#8221; content_placement=&#8221;middle&#8221;][vc_column width=&#8221;1\/2&#8243; css=&#8221;.vc_custom_1528120374826{padding-top: 70px !important;padding-right: 7% !important;padding-bottom: 60px !important;padding-left: 7% !important;background-color: #f2f2f2 !important;}&#8221;][vc_column_text]<\/p>\n<h1>NUESTRA FILOSOF\u00cdA<\/h1>\n<p>[\/vc_column_text][vc_column_text css_animation=&#8221;left-to-right&#8221;]Como misi\u00f3n GRF Consultants\u00a0 \u00a0se enfoca\u00a0 en brindar servicios de consultor\u00eda integral de clase mundial que ayuden a nuestros clientes a alcanzar sus objetivos financieros, familiares y empresariales.<\/p>\n<p>Nuestra visi\u00f3n nos encamina a ser\u00a0 una de las empresas de consultor\u00eda m\u00e1s confiables y respetadas del mundo.<\/p>\n<p>Los valores que nos gu\u00edan:\u00a0 eficiencia,\u00a0 honestidad,\u00a0 lealtad, confianza,\u00a0 integridad, responsabilidad, disciplina, compromiso, respeto y la cooperaci\u00f3n.<\/p>\n<p>Nuestra filosof\u00eda es tan simple como ayudar a nuestros clientes a alcanzar sus objetivos.<\/p>\n<p style=\"text-align: right;\"><img loading=\"lazy\" decoding=\"async\" class=\"alignnone wp-image-952\" src=\"https:\/\/grfconsultants.com\/wp-content\/uploads\/2024\/04\/Firma-Rufo2-300x103.png\" alt=\"\" width=\"155\" height=\"53\" srcset=\"https:\/\/grfconsultants.com\/wp-content\/uploads\/2024\/04\/Firma-Rufo2-300x103.png 300w, https:\/\/grfconsultants.com\/wp-content\/uploads\/2024\/04\/Firma-Rufo2.png 480w\" sizes=\"auto, (max-width: 155px) 100vw, 155px\" \/><\/p>\n<p>[\/vc_column_text][vc_single_image image=&#8221;814&#8243; img_size=&#8221;&#8221; css_animation=&#8221;left-to-right&#8221;][\/vc_column][vc_column width=&#8221;1\/2&#8243; css=&#8221;.vc_custom_1744248772568{background-image: url(https:\/\/grfconsultants.com\/wp-content\/uploads\/2025\/04\/Rufo-2.webp?id=2419) !important;background-position: center !important;background-repeat: no-repeat !important;background-size: cover !important;}&#8221;][vc_empty_space height=&#8221;300px&#8221;][\/vc_column][\/vc_row][vc_row equal_height=&#8221;yes&#8221; content_placement=&#8221;middle&#8221; css=&#8221;.vc_custom_1464872880011{padding-top: 100px !important;padding-bottom: 100px !important;}&#8221;][vc_column width=&#8221;1\/2&#8243;][vc_single_image image=&#8221;174&#8243; img_size=&#8221;700&#215;498&#8243; alignment=&#8221;center&#8221; css_animation=&#8221;zoomIn&#8221; css=&#8221;&#8221;][\/vc_column][vc_column width=&#8221;1\/2&#8243;][vc_column_text css_animation=&#8221;right-to-left&#8221;]<\/p>\n<h2 style=\"text-align: center;\"><strong>MERCADOS FINANCIEROS <\/strong><\/h2>\n<h2 style=\"text-align: center;\"><strong>Y MATERIAS PRIMAS<\/strong><\/h2>\n<p>[\/vc_column_text][vc_row_inner][vc_column_inner width=&#8221;1\/2&#8243;]<div class=\"aio-icon-component    style_2\"><div id=\"Info-box-wrap-8000\" class=\"aio-icon-box default-icon\" style=\"\"  ><div class=\"aio-icon-default\"><div class=\"ult-just-icon-wrapper  \"><div class=\"align-icon\" style=\"text-align:center;\">\n<div class=\"aio-icon none \" data-animation=\"fadeIn\" data-animation-delay=\"03\" style=\"color:#5b8cff;font-size:48px;display:inline-block;\">\n\t<i class=\"finance-svg_thump-locker\"><\/i>\n<\/div><\/div><\/div><\/div><div class=\"aio-icon-header\" ><h3 class=\"aio-icon-title ult-responsive\"  data-ultimate-target='#Info-box-wrap-8000 .aio-icon-title'  data-responsive-json-new='{\"font-size\":\"\",\"line-height\":\"\"}'  style=\"font-weight:bold;\">Oil<\/h3><\/div> <!-- header --><div class=\"aio-icon-description ult-responsive\"  data-ultimate-target='#Info-box-wrap-8000 .aio-icon-description'  data-responsive-json-new='{\"font-size\":\"\",\"line-height\":\"\"}'  style=\"\">Keep up to date with real-time Brent crude oil (ICE) and WTI light crude oil quotes.<\/div> <!-- description --><\/div> <!-- aio-icon-box --><\/div> <!-- aio-icon-component --><div class=\"aio-icon-component    style_2\"><div id=\"Info-box-wrap-9016\" class=\"aio-icon-box default-icon\" style=\"\"  ><div class=\"aio-icon-default\"><div class=\"ult-just-icon-wrapper  \"><div class=\"align-icon\" style=\"text-align:center;\">\n<div class=\"aio-icon none \" data-animation=\"fadeIn\" data-animation-delay=\"03\" style=\"color:#5b8cff;font-size:48px;display:inline-block;\">\n\t<i class=\"finance-svg_coins\"><\/i>\n<\/div><\/div><\/div><\/div><div class=\"aio-icon-header\" ><h3 class=\"aio-icon-title ult-responsive\"  data-ultimate-target='#Info-box-wrap-9016 .aio-icon-title'  data-responsive-json-new='{\"font-size\":\"\",\"line-height\":\"\"}'  style=\"font-weight:bold;\">Metals<\/h3><\/div> <!-- header --><div class=\"aio-icon-description ult-responsive\"  data-ultimate-target='#Info-box-wrap-9016 .aio-icon-description'  data-responsive-json-new='{\"font-size\":\"\",\"line-height\":\"\"}'  style=\"\">Find out in real time the price of Gold and Silver, reserve value assets par excellence.<\/div> <!-- description --><\/div> <!-- aio-icon-box --><\/div> <!-- aio-icon-component -->[\/vc_column_inner][vc_column_inner width=&#8221;1\/2&#8243;]<div class=\"aio-icon-component    style_2\"><div id=\"Info-box-wrap-6416\" class=\"aio-icon-box default-icon\" style=\"\"  ><div class=\"aio-icon-default\"><div class=\"ult-just-icon-wrapper  \"><div class=\"align-icon\" style=\"text-align:center;\">\n<div class=\"aio-icon none \" data-animation=\"fadeIn\" data-animation-delay=\"03\" style=\"color:#5b8cff;font-size:48px;display:inline-block;\">\n\t<i class=\"finance-svg_statitstics\"><\/i>\n<\/div><\/div><\/div><\/div><div class=\"aio-icon-header\" ><h3 class=\"aio-icon-title ult-responsive\"  data-ultimate-target='#Info-box-wrap-6416 .aio-icon-title'  data-responsive-json-new='{\"font-size\":\"\",\"line-height\":\"\"}'  style=\"font-weight:bold;\">Indexes<\/h3><\/div> <!-- header --><div class=\"aio-icon-description ult-responsive\"  data-ultimate-target='#Info-box-wrap-6416 .aio-icon-description'  data-responsive-json-new='{\"font-size\":\"\",\"line-height\":\"\"}'  style=\"\">A global view of the market through the most important indexes.<\/div> <!-- description --><\/div> <!-- aio-icon-box --><\/div> <!-- aio-icon-component --><div class=\"aio-icon-component    style_2\"><div id=\"Info-box-wrap-9196\" class=\"aio-icon-box default-icon\" style=\"\"  ><div class=\"aio-icon-default\"><div class=\"ult-just-icon-wrapper  \"><div class=\"align-icon\" style=\"text-align:center;\">\n<div class=\"aio-icon none \" data-animation=\"fadeIn\" data-animation-delay=\"03\" style=\"color:#5b8cff;font-size:48px;display:inline-block;\">\n\t<i class=\"Defaults-bitcoin btc\"><\/i>\n<\/div><\/div><\/div><\/div><div class=\"aio-icon-header\" ><h3 class=\"aio-icon-title ult-responsive\"  data-ultimate-target='#Info-box-wrap-9196 .aio-icon-title'  data-responsive-json-new='{\"font-size\":\"\",\"line-height\":\"\"}'  style=\"font-weight:bold;\">Bitcoin<\/h3><\/div> <!-- header --><div class=\"aio-icon-description ult-responsive\"  data-ultimate-target='#Info-box-wrap-9196 .aio-icon-description'  data-responsive-json-new='{\"font-size\":\"\",\"line-height\":\"\"}'  style=\"\">Find out the price of the world&#8217;s most important decentralized cryptocurrency.<\/div> <!-- description --><\/div> <!-- aio-icon-box --><\/div> <!-- aio-icon-component -->[\/vc_column_inner][\/vc_row_inner][\/vc_column][\/vc_row][vc_row][vc_column][vc_raw_html css=&#8221;&#8221;]JTNDZGl2JTIwY2xhc3MlM0QlMjJ0cmFkaW5ndmlldy13aWRnZXQtY29udGFpbmVyJTIyJTNFJTBBJTIwJTIwJTNDZGl2JTIwY2xhc3MlM0QlMjJ0cmFkaW5ndmlldy13aWRnZXQtY29udGFpbmVyX193aWRnZXQlMjIlM0UlM0MlMkZkaXYlM0UlMEElMjAlMjAlM0NzY3JpcHQlMjB0eXBlJTNEJTIydGV4dCUyRmphdmFzY3JpcHQlMjIlMjBzcmMlM0QlMjJodHRwcyUzQSUyRiUyRnMzLnRyYWRpbmd2aWV3LmNvbSUyRmV4dGVybmFsLWVtYmVkZGluZyUyRmVtYmVkLXdpZGdldC10aWNrZXItdGFwZS5qcyUyMiUyMGFzeW5jJTNFJTBBJTIwJTIwJTdCJTBBJTIwJTIwJTIwJTIwJTIyc3ltYm9scyUyMiUzQSUyMCU1QiUwQSUyMCUyMCUyMCUyMCUyMCUyMCU3QiUwQSUyMCUyMCUyMCUyMCUyMCUyMCUyMCUyMCUyMnByb05hbWUlMjIlM0ElMjAlMjJGWF9JREMlM0FFVVJVU0QlMjIlMkMlMEElMjAlMjAlMjAlMjAlMjAlMjAlMjAlMjAlMjJ0aXRsZSUyMiUzQSUyMCUyMkVVUiUyMCUyRiUyMFVTRCUyMiUwQSUyMCUyMCUyMCUyMCUyMCUyMCU3RCUyQyUwQSUyMCUyMCUyMCUyMCUyMCUyMCU3QiUwQSUyMCUyMCUyMCUyMCUyMCUyMCUyMCUyMCUyMmRlc2NyaXB0aW9uJTIyJTNBJTIwJTIyR29sZCUyMiUyQyUwQSUyMCUyMCUyMCUyMCUyMCUyMCUyMCUyMCUyMnByb05hbWUlMjIlM0ElMjAlMjJUVkMlM0FHT0xEJTIyJTBBJTIwJTIwJTIwJTIwJTIwJTIwJTdEJTJDJTBBJTIwJTIwJTIwJTIwJTIwJTIwJTdCJTBBJTIwJTIwJTIwJTIwJTIwJTIwJTIwJTIwJTIyZGVzY3JpcHRpb24lMjIlM0ElMjAlMjJTaWx2ZXIlMjIlMkMlMEElMjAlMjAlMjAlMjAlMjAlMjAlMjAlMjAlMjJwcm9OYW1lJTIyJTNBJTIwJTIyRlhPUEVOJTNBWEFHVVNEJTIyJTBBJTIwJTIwJTIwJTIwJTIwJTIwJTdEJTJDJTBBJTIwJTIwJTIwJTIwJTIwJTIwJTdCJTBBJTIwJTIwJTIwJTIwJTIwJTIwJTIwJTIwJTIyZGVzY3JpcHRpb24lMjIlM0ElMjAlMjJXVEklMjIlMkMlMEElMjAlMjAlMjAlMjAlMjAlMjAlMjAlMjAlMjJwcm9OYW1lJTIyJTNBJTIwJTIyT0FOREElM0FXVElDT1VTRCUyMiUwQSUyMCUyMCUyMCUyMCUyMCUyMCU3RCUyQyUwQSUyMCUyMCUyMCUyMCUyMCUyMCU3QiUwQSUyMCUyMCUyMCUyMCUyMCUyMCUyMCUyMCUyMmRlc2NyaXB0aW9uJTIyJTNBJTIwJTIyQnJlbnQlMjIlMkMlMEElMjAlMjAlMjAlMjAlMjAlMjAlMjAlMjAlMjJwcm9OYW1lJTIyJTNBJTIwJTIyQkxBQ0tCVUxMJTNBQlJFTlQlMjIlMEElMjAlMjAlMjAlMjAlMjAlMjAlN0QlMkMlMEElMjAlMjAlMjAlMjAlMjAlMjAlN0IlMEElMjAlMjAlMjAlMjAlMjAlMjAlMjJkZXNjcmlwdGlvbiUyMiUzQSUyMCUyMk11cmJhbiUyMiUyQyUwQSUyMCUyMCUyMCUyMCUyMCUyMCUyMnByb05hbWUlMjIlM0ElMjAlMjJJQ0VBRCUzQUFETTElMjElMjIlMEElMjAlMjAlMjAlMjAlMjAlMjAlN0QlMkMlMEElMjAlMjAlMjAlMjAlMjAlMjAlN0IlMEElMjAlMjAlMjAlMjAlMjAlMjAlMjAlMjAlMjJkZXNjcmlwdGlvbiUyMiUzQSUyMCUyMkJpdGNvaW4lMjIlMkMlMEElMjAlMjAlMjAlMjAlMjAlMjAlMjAlMjAlMjJwcm9OYW1lJTIyJTNBJTIwJTIyQklUU1RBTVAlM0FCVENVU0QlMjIlMEElMjAlMjAlMjAlMjAlMjAlMjAlN0QlMkMlMEElMjAlMjAlMjAlN0IlMEElMjAlMjAlMjAlMjAlMjAlMjAlMjJwcm9OYW1lJTIyJTNBJTIwJTIyQklUU1RBTVAlM0FFVEhVU0QlMjIlMkMlMEElMjAlMjAlMjAlMjAlMjAlMjAlMjJ0aXRsZSUyMiUzQSUyMCUyMkV0aGVyZXVtJTIyJTBBJTIwJTIwJTIwJTIwJTdEJTJDJTBBJTIwJTIwJTIwJTIwJTIwJTIwJTdCJTBBJTIwJTIwJTIwJTIwJTIwJTIwJTIwJTIwJTIyZGVzY3JpcHRpb24lMjIlM0ElMjAlMjJTJTI2UDUwMCUyMiUyQyUwQSUyMCUyMCUyMCUyMCUyMCUyMCUyMCUyMCUyMnByb05hbWUlMjIlM0ElMjAlMjJGT1JFWENPTSUzQVNQWFVTRCUyMiUwQSUyMCUyMCUyMCUyMCUyMCUyMCU3RCUyQyUwQSUyMCUyMCUyMCUyMCUyMCUyMCU3QiUwQSUyMCUyMCUyMCUyMCUyMCUyMCUyMCUyMCUyMmRlc2NyaXB0aW9uJTIyJTNBJTIwJTIyREpJJTIyJTJDJTBBJTIwJTIwJTIwJTIwJTIwJTIwJTIwJTIwJTIycHJvTmFtZSUyMiUzQSUyMCUyMkVBU1lNQVJLRVRTJTNBRE9XVVNEJTIyJTBBJTIwJTIwJTIwJTIwJTIwJTIwJTdEJTJDJTBBJTIwJTIwJTIwJTIwJTIwJTIwJTdCJTBBJTIwJTIwJTIwJTIwJTIwJTIwJTIwJTIwJTIyZGVzY3JpcHRpb24lMjIlM0ElMjAlMjJOQVNEQVElMjAlMjIlMkMlMEElMjAlMjAlMjAlMjAlMjAlMjAlMjAlMjAlMjJwcm9OYW1lJTIyJTNBJTIwJTIyTkFTREFRJTNBTkRYJTIyJTBBJTIwJTIwJTIwJTIwJTIwJTIwJTdEJTJDJTBBJTIwJTIwJTIwJTIwJTIwJTIwJTdCJTBBJTIwJTIwJTIwJTIwJTIwJTIwJTIwJTIwJTIyZGVzY3JpcHRpb24lMjIlM0ElMjAlMjJWSVglMjIlMkMlMEElMjAlMjAlMjAlMjAlMjAlMjAlMjAlMjAlMjJwcm9OYW1lJTIyJTNBJTIwJTIyQUZURVJQUklNRSUzQVZJWCUyMiUwQSUyMCUyMCUyMCUyMCUyMCUyMCU3RCUyQyUwQSUyMCUyMCUyMCUyMCU3QiUwQSUyMCUyMCUyMCUyMCUyMCUyMCUyMmRlc2NyaXB0aW9uJTIyJTNBJTIwJTIyRkVUU0UlMjIlMkMlMEElMjAlMjAlMjAlMjAlMjAlMjAlMjJwcm9OYW1lJTIyJTNBJTIwJTIyQ0FQSVRBTENPTSUzQVVLMTAwJTIyJTBBJTIwJTIwJTIwJTIwJTdEJTJDJTBBJTIwJTIwJTIwJTIwJTIwJTIwJTdCJTBBJTIwJTIwJTIwJTIwJTIwJTIwJTIwJTIwJTIyZGVzY3JpcHRpb24lMjIlM0ElMjAlMjJEQVglMjIlMkMlMEElMjAlMjAlMjAlMjAlMjAlMjAlMjAlMjAlMjJwcm9OYW1lJTIyJTNBJTIwJTIyWEVUUiUzQURBWCUyMiUwQSUyMCUyMCUyMCUyMCUyMCUyMCU3RCUyQyUwQSUyMCUyMCUyMCUyMCUyMCUyMCU3QiUwQSUyMCUyMCUyMCUyMCUyMCUyMCUyMCUyMCUyMmRlc2NyaXB0aW9uJTIyJTNBJTIwJTIySUJFWDM1JTIyJTJDJTBBJTIwJTIwJTIwJTIwJTIwJTIwJTIwJTIwJTIycHJvTmFtZSUyMiUzQSUyMCUyMkNGSSUzQUlCRVgzNSUyMiUwQSUyMCUyMCUyMCUyMCUyMCUyMCU3RCUyQyUwQSUyMCUyMCUyMCUyMCUyMCUyMCU3QiUwQSUyMCUyMCUyMCUyMCUyMCUyMCUyMCUyMCUyMmRlc2NyaXB0aW9uJTIyJTNBJTIwJTIyTklLS0VJJTIyJTJDJTBBJTIwJTIwJTIwJTIwJTIwJTIwJTIwJTIwJTIycHJvTmFtZSUyMiUzQSUyMCUyMlRPQ09NJTNBMjI1RSUyMiUwQSUyMCUyMCUyMCUyMCUyMCUyMCU3RCUyQyUwQSUyMCUyMCUyMCUyMCUyMCUyMCU3QiUwQSUyMCUyMCUyMCUyMCUyMCUyMCUyMCUyMCUyMmRlc2NyaXB0aW9uJTIyJTNBJTIwJTIySFNJJTIyJTJDJTBBJTIwJTIwJTIwJTIwJTIwJTIwJTIwJTIwJTIycHJvTmFtZSUyMiUzQSUyMCUyMkhTSSUzQUhTSSUyMiUwQSUyMCUyMCUyMCUyMCUyMCUyMCU3RCUyQyUwQSUyMCUyMCUyMCUyMCUyMCUyMCU3QiUwQSUyMCUyMCUyMCUyMCUyMCUyMCUyMCUyMCUyMmRlc2NyaXB0aW9uJTIyJTNBJTIwJTIySEs1MCUyMiUyQyUwQSUyMCUyMCUyMCUyMCUyMCUyMCUyMCUyMCUyMnByb05hbWUlMjIlM0ElMjAlMjJQRVBQRVJTVE9ORSUzQUhLNTAlMjIlMEElMjAlMjAlMjAlMjAlMjAlMjAlN0QlMkMlMEElMjAlMjAlMjAlMjAlMjAlMjAlN0IlMEElMjAlMjAlMjAlMjAlMjAlMjAlMjAlMjAlMjJkZXNjcmlwdGlvbiUyMiUzQSUyMCUyMkE1MCUyMiUyQyUwQSUyMCUyMCUyMCUyMCUyMCUyMCUyMCUyMCUyMnByb05hbWUlMjIlM0ElMjAlMjJDQVBJVEFMQ09NJTNBQ041MCUyMiUwQSUyMCUyMCUyMCUyMCUyMCUyMCU3RCUwQSUyMCUyMCUyMCUyMCU1RCUyQyUwQSUyMCUyMCUyMCUyMCUyMnNob3dTeW1ib2xMb2dvJTIyJTNBJTIwdHJ1ZSUyQyUwQSUyMCUyMCUyMCUyMCUyMmlzVHJhbnNwYXJlbnQlMjIlM0ElMjB0cnVlJTJDJTBBJTIwJTIwJTIwJTIwJTIyZGlzcGxheU1vZGUlMjIlM0ElMjAlMjJhZGFwdGl2ZSUyMiUyQyUyMCUyMCUyMmNvbG9yVGhlbWUlMjIlM0ElMjAlMjJsaWdodCUyMiUyQyUwQSUyMCUyMCUyMCUyMCUyMmxvY2FsZSUyMiUzQSUyMCUyMmVuJTIyJTBBJTIwJTIwJTdEJTBBJTIwJTIwJTNDJTJGc2NyaXB0JTNFJTBBJTNDJTJGZGl2JTNF[\/vc_raw_html][\/vc_column][\/vc_row][vc_row full_width=&#8221;stretch_row&#8221; bg_type=&#8221;u_iframe&#8221; u_video_url=&#8221;https:\/\/www.youtube.com\/watch?v=QPelgX4kdO0&#8243; video_opts=&#8221;loop,muted&#8221; enable_overlay=&#8221;enable_overlay_value&#8221; overlay_color=&#8221;rgba(0,0,0,0.3)&#8221; css=&#8221;.vc_custom_1670932474183{margin-bottom: 0px !important;padding-top: 100px !important;padding-bottom: 100px !important;}&#8221;][vc_column][vc_empty_space height=&#8221;50px&#8221;][vc_custom_heading text=&#8221;FINANCIAL AND BUSINESS SOLUTIONS FOR THE ACHIEVEMENT OF YOUR GOALS&#8221; font_container=&#8221;tag:h3|font_size:3rem|text_align:center|color:%23ffffff|line_height:1&#8243; use_theme_fonts=&#8221;yes&#8221;][vc_empty_space height=&#8221;50px&#8221;]<div class=\" ubtn-ctn-center member-es wd-hustle-trigger\"><button type=\"button\" id=\"ubtn-8477\"  class=\"ubtn ult-adjust-bottom-margin ult-responsive ubtn-large ubtn-top-bg  none  ubtn-sep-icon ubtn-sep-icon-bottom-push  ubtn-center member-es wd-hustle-trigger  tooltip-69e4a3e172962\"  data-hover=\"#286efa\" data-border-color=\"#c0c0c0\" data-bg=\"#286efa\" data-hover-bg=\"#dbdbdb\" data-border-hover=\"#286efa\" data-shadow-hover=\"\" data-shadow-click=\"none\" data-shadow=\"\" data-shd-shadow=\"\"  data-ultimate-target='#ubtn-8477'  data-responsive-json-new='{\"font-size\":\"\",\"line-height\":\"\"}'  style=\"font-style:italic;font-weight:bold;border-radius:13px;border-width:3px;border-color:#c0c0c0;border-style:solid;background: #286efa;color: #ffffff;\"><span class=\"ubtn-data ubtn-icon\"><i class=\"linearicons-users\" style=\"font-size:35px;color:#286efa;\"><\/i><\/span><span class=\"ubtn-hover\" style=\"background-color:#dbdbdb\"><\/span><span class=\"ubtn-data ubtn-text \" >HAZTE MIEMBRO VIP AQU\u00cd !!<\/span><\/button><\/div><div class=\" ubtn-ctn-center member-es wd-hustle-trigger\"><button type=\"button\" id=\"ubtn-3250\"  class=\"ubtn ult-adjust-bottom-margin ult-responsive ubtn-large ubtn-top-bg  none  ubtn-sep-icon ubtn-sep-icon-bottom-push  ubtn-center member-es wd-hustle-trigger  tooltip-69e4a3e1729dc\"  data-hover=\"#286efa\" data-border-color=\"#c0c0c0\" data-bg=\"#286efa\" data-hover-bg=\"#dbdbdb\" data-border-hover=\"#286efa\" data-shadow-hover=\"\" data-shadow-click=\"none\" data-shadow=\"\" data-shd-shadow=\"\"  data-ultimate-target='#ubtn-3250'  data-responsive-json-new='{\"font-size\":\"\",\"line-height\":\"\"}'  style=\"font-style:italic;font-weight:bold;border-radius:13px;border-width:3px;border-color:#c0c0c0;border-style:solid;background: #286efa;color: #ffffff;\"><span class=\"ubtn-data ubtn-icon\"><i class=\"linearicons-users\" style=\"font-size:35px;color:#286efa;\"><\/i><\/span><span class=\"ubtn-hover\" style=\"background-color:#dbdbdb\"><\/span><span class=\"ubtn-data ubtn-text \" >HAZTE MIEMBRO VIP AQU\u00cd !!<\/span><\/button><\/div>[\/vc_column][\/vc_row][vc_row][vc_column][vc_separator][\/vc_column][\/vc_row][vc_row][vc_column][vc_raw_html]W3Jldl9zbGlkZXIgYWxpYXM9IkNhcm91c2VsLUdSRiJdWy9yZXZfc2xpZGVyXQ==[\/vc_raw_html][\/vc_column][\/vc_row]<\/p>\n<\/div>","protected":false},"excerpt":{"rendered":"<p class=\"card-text\">[vc_row full_width=&#8221;stretch_row&#8221; css=&#8221;.vc_custom_1464868922611{margin-top: 0px !important;margin-bottom: 0px !important;padding-top: 80px !important;padding-bottom: 0px !important;}&#8221;][vc_column][vc_column_text css_animation=&#8221;bottom-to-top&#8221;] Haz lo correcto en el momento indicado.\u00a0 [\/vc_column_text][\/vc_column][\/vc_row][vc_row css=&#8221;.vc_custom_1464448095121{padding-bottom: 50px !important;}&#8221;][vc_column width=&#8221;1\/3&#8243; css=&#8221;.vc_custom_1464448048483{padding-right: 7% !important;padding-left: 7% !important;}&#8221;][\/vc_column][vc_column width=&#8221;1\/3&#8243; css=&#8221;.vc_custom_1464448148728{padding-right: 7% !important;padding-left: 7% !important;}&#8221;][\/vc_column][vc_column width=&#8221;1\/3&#8243; css=&#8221;.vc_custom_1464448157233{padding-right: 7% !important;padding-left: 7% !important;}&#8221;][\/vc_column][\/vc_row][vc_row full_width=&#8221;stretch_row_content_no_spaces&#8221; equal_height=&#8221;yes&#8221; content_placement=&#8221;middle&#8221;][vc_column width=&#8221;1\/2&#8243; css=&#8221;.vc_custom_1742436856595{background-image: url(https:\/\/grfconsultants.com\/wp-content\/uploads\/2024\/04\/team-Footer-1.jpg?id=901) !important;}&#8221;][vc_empty_space height=&#8221;300px&#8221;][\/vc_column][vc_column width=&#8221;1\/2&#8243; css=&#8221;.vc_custom_1528120356129{padding-top: 70px !important;padding-right: 7% !important;padding-bottom: [&#8230;]<\/p>\n<p class=\"m-0\"><a class=\"btn btn-outline-secondary btn-read-more\" href=\"https:\/\/grfconsultants.com\/en\/\">Read More<\/a><\/p>\n","protected":false},"author":1,"featured_media":0,"parent":0,"menu_order":0,"comment_status":"closed","ping_status":"closed","template":"","meta":{"_uf_show_specific_survey":0,"_uf_disable_surveys":false,"footnotes":""},"class_list":["post-1557","page","type-page","status-publish","hentry"],"_links":{"self":[{"href":"https:\/\/grfconsultants.com\/en\/wp-json\/wp\/v2\/pages\/1557","targetHints":{"allow":["GET"]}}],"collection":[{"href":"https:\/\/grfconsultants.com\/en\/wp-json\/wp\/v2\/pages"}],"about":[{"href":"https:\/\/grfconsultants.com\/en\/wp-json\/wp\/v2\/types\/page"}],"author":[{"embeddable":true,"href":"https:\/\/grfconsultants.com\/en\/wp-json\/wp\/v2\/users\/1"}],"replies":[{"embeddable":true,"href":"https:\/\/grfconsultants.com\/en\/wp-json\/wp\/v2\/comments?post=1557"}],"version-history":[{"count":47,"href":"https:\/\/grfconsultants.com\/en\/wp-json\/wp\/v2\/pages\/1557\/revisions"}],"predecessor-version":[{"id":2443,"href":"https:\/\/grfconsultants.com\/en\/wp-json\/wp\/v2\/pages\/1557\/revisions\/2443"}],"wp:attachment":[{"href":"https:\/\/grfconsultants.com\/en\/wp-json\/wp\/v2\/media?parent=1557"}],"curies":[{"name":"wp","href":"https:\/\/api.w.org\/{rel}","templated":true}]}}